{"id":1358,"date":"2025-04-04T19:27:58","date_gmt":"2025-04-04T19:27:58","guid":{"rendered":"http:\/\/salvadorescalante.gob.mx\/?page_id=1358"},"modified":"2025-04-09T04:05:22","modified_gmt":"2025-04-09T04:05:22","slug":"tesoreria","status":"publish","type":"page","link":"https:\/\/salvadorescalante.gob.mx\/index.php\/tesoreria\/","title":{"rendered":"Tesoreria"},"content":{"rendered":"<div class=\"fusion-fullwidth fullwidth-box fusion-builder-row-1 fusion-flex-container has-pattern-background has-mask-background nonhundred-percent-fullwidth non-hundred-percent-height-scrolling\" style=\"--awb-border-radius-top-left:0px;--awb-border-radius-top-right:0px;--awb-border-radius-bottom-right:0px;--awb-border-radius-bottom-left:0px;--awb-flex-wrap:wrap;\" ><div class=\"awb-background-mask\" style=\"background-image:  url(data:image\/svg+xml;utf8,%3Csvg%20width%3D%221920%22%20height%3D%22954%22%20fill%3D%22none%22%20xmlns%3D%22http%3A%2F%2Fwww.w3.org%2F2000%2Fsvg%22%3E%3Cg%20clip-path%3D%22url%28%23prefix__prefix__clip0_77_23452%29%22%3E%3Cpath%20fill-rule%3D%22evenodd%22%20clip-rule%3D%22evenodd%22%20d%3D%22M1353%20308.5c0%20255.507-131.58%20485.45-341.45%20645.5-187.291%20142.83-436.933%20230-711.05%20230C-280.78%201184-752%20792.025-752%20308.5S-280.78-567%20300.5-567c450.743%200%20835.31%20235.692%20985.3%20567%2043.44%2095.948%2067.2%20199.916%2067.2%20308.5z%22%20fill%3D%22rgba%28255%2C255%2C255%2C1%29%22%2F%3E%3Cpath%20d%3D%22M1321.57%20538C1357.08%20287.516%201273.7%2089.91%201127-.418L1374.18-6c65.77%20100.68-15.89%20431.512-52.61%20544zM312%20955c432.242%200%20746.77-180.667%20850-271-90.34%20157.09-176.766%20246.121-208.688%20271H312z%22%20fill%3D%22rgba%28211%2C104%2C249%2C1%29%22%20fill-opacity%3D%22.25%22%2F%3E%3Cpath%20d%3D%22M1344.5%20427c0-252.4-212.67-390.833-319-428.5H1373c70%2082.4%2010.17%20320-28.5%20428.5z%22%20fill%3D%22rgba%28211%2C104%2C249%2C1%29%22%20fill-opacity%3D%22.1%22%2F%3E%3Cpath%20fill-rule%3D%22evenodd%22%20clip-rule%3D%22evenodd%22%20d%3D%22M1337%20184.5c0%20324.402-198.63%20609.049-497.356%20769.5H0V0h1285.8c-149.99-331.308-534.557-567-985.3-567C-280.78-567-752-175.025-752%20308.5c0%2040.898%203.371%2081.142%209.895%20120.549C-617.527%20811.461-207.995%201092%20278%201092c206.311%200%20398.842-50.56%20561.644-138h171.906C1221.42%20793.95%201353%20564.007%201353%20308.5c0-53.218-5.71-105.326-16.64-155.925.42%2010.596.64%2021.239.64%2031.925z%22%20fill%3D%22rgba%28211%2C104%2C249%2C1%29%22%20fill-opacity%3D%22.5%22%2F%3E%3C%2Fg%3E%3Cdefs%3E%3CclipPath%20id%3D%22prefix__prefix__clip0_77_23452%22%3E%3Cpath%20fill%3D%22rgba%28211%2C104%2C249%2C1%29%22%20d%3D%22M0%200h1920v954H0z%22%2F%3E%3C%2FclipPath%3E%3C%2Fdefs%3E%3C%2Fsvg%3E);opacity: 1 ;transform: scale(1, 1);mix-blend-mode:normal;\"><\/div><div class=\"fusion-builder-row fusion-row fusion-flex-align-items-flex-start fusion-flex-content-wrap\" style=\"max-width:1185.6px;margin-left: calc(-4% \/ 2 );margin-right: calc(-4% \/ 2 );\"><div class=\"fusion-layout-column fusion_builder_column fusion-builder-column-0 fusion_builder_column_1_1 1_1 fusion-flex-column\" style=\"--awb-bg-size:cover;--awb-width-large:100%;--awb-margin-top-large:0px;--awb-spacing-right-large:1.92%;--awb-margin-bottom-large:0px;--awb-spacing-left-large:1.92%;--awb-width-medium:100%;--awb-order-medium:0;--awb-spacing-right-medium:1.92%;--awb-spacing-left-medium:1.92%;--awb-width-small:100%;--awb-order-small:0;--awb-spacing-right-small:1.92%;--awb-spacing-left-small:1.92%;\"><div class=\"fusion-column-wrapper fusion-column-has-shadow fusion-flex-justify-content-flex-start fusion-content-layout-column\"><div class=\"fusion-text fusion-text-1 fusion-animated\" data-animationType=\"fadeInLeft\" data-animationDuration=\"1.3\" data-animationDelay=\"0.4\" data-animationOffset=\"top-into-view\"><p><strong>Tesorer\u00eca<\/strong><\/p>\n<\/div><\/div><\/div><div class=\"fusion-layout-column fusion_builder_column fusion-builder-column-1 fusion_builder_column_1_2 1_2 fusion-flex-column\" style=\"--awb-bg-size:cover;--awb-width-large:50%;--awb-margin-top-large:0px;--awb-spacing-right-large:3.84%;--awb-margin-bottom-large:0px;--awb-spacing-left-large:3.84%;--awb-width-medium:100%;--awb-order-medium:0;--awb-spacing-right-medium:1.92%;--awb-spacing-left-medium:1.92%;--awb-width-small:100%;--awb-order-small:0;--awb-spacing-right-small:1.92%;--awb-spacing-left-small:1.92%;\"><div class=\"fusion-column-wrapper fusion-column-has-shadow fusion-flex-justify-content-flex-start fusion-content-layout-column\"><div class=\"fusion-text fusion-text-2 fusion-animated\" data-animationType=\"fadeInLeft\" data-animationDuration=\"1.3\" data-animationDelay=\"0.4\" data-animationOffset=\"top-into-view\"><p>Predial<\/p>\n<\/div><div class=\"fusion-text fusion-text-3 fusion-animated\" data-animationType=\"fadeInLeft\" data-animationDuration=\"1.3\" data-animationDelay=\"0.4\" data-animationOffset=\"top-into-view\"><p><strong>\u00a1Contribuye al progreso de Salvador Escalante!<\/strong><\/p>\n<\/div><div class=\"fusion-text fusion-text-4 fusion-animated\" style=\"--awb-content-alignment:justify;\" data-animationType=\"fadeInLeft\" data-animationDuration=\"1.3\" data-animationDelay=\"0.4\" data-animationOffset=\"top-into-view\"><p>Realiza tu pago del\u00a0<strong>Impuesto Predial<\/strong>\u00a0de manera r\u00e1pida, segura y sin salir de casa a trav\u00e9s de nuestro\u00a0<strong>Portal Web Municipal<\/strong>.<\/p>\n<p>\u2705\u00a0<strong>Beneficios de pagar en l\u00ednea:<\/strong><\/p>\n<p>\ud83d\udd39Evita filas y tr\u00e1mites presenciales.<br \/>\n\ud83d\udd39Proceso 100% seguro y confiable.<br \/>\n\ud83d\udd39Recibe tu comprobante de pago atrves de whats app<\/p>\n<\/div><div class=\"fusion-text fusion-text-5 fusion-animated\" style=\"--awb-content-alignment:justify;\" data-animationType=\"fadeInLeft\" data-animationDuration=\"1.3\" data-animationDelay=\"0.4\" data-animationOffset=\"top-into-view\"><p>El predial es un impuesto, similar al ISR, que los propietarios deben pagar anualmente sobre cualquier tipo de propiedad que posean: terrenos, casas o edificios. El monto depende del valor catastral del inmueble; es decir, del <strong>valor comercial asignado.<\/strong><\/p>\n<p>Se trata de un tributo que se cobra de manera anual y se utiliza para financiar los servicios p\u00fablicos municipales: alumbrado p\u00fablico y recolecci\u00f3n de residuos, entre otros.<\/p>\n<\/div><\/div><\/div><div class=\"fusion-layout-column fusion_builder_column fusion-builder-column-2 fusion_builder_column_1_2 1_2 fusion-flex-column fusion-animated\" style=\"--awb-bg-size:cover;--awb-width-large:50%;--awb-margin-top-large:0px;--awb-spacing-right-large:3.84%;--awb-margin-bottom-large:0px;--awb-spacing-left-large:3.84%;--awb-width-medium:100%;--awb-order-medium:0;--awb-spacing-right-medium:1.92%;--awb-spacing-left-medium:1.92%;--awb-width-small:100%;--awb-order-small:0;--awb-spacing-right-small:1.92%;--awb-spacing-left-small:1.92%;\" data-animationType=\"fadeInDown\" data-animationDuration=\"1.6\" data-animationDelay=\"0.5\" data-animationOffset=\"top-into-view\" data-scroll-devices=\"small-visibility,medium-visibility,large-visibility\"><div class=\"fusion-column-wrapper fusion-column-has-shadow fusion-flex-justify-content-flex-start fusion-content-layout-column\"><div class=\"fusion-image-element \" style=\"text-align:center;--awb-liftup-border-radius:0px;--awb-caption-title-font-family:var(--h2_typography-font-family);--awb-caption-title-font-weight:var(--h2_typography-font-weight);--awb-caption-title-font-style:var(--h2_typography-font-style);--awb-caption-title-size:var(--h2_typography-font-size);--awb-caption-title-transform:var(--h2_typography-text-transform);--awb-caption-title-line-height:var(--h2_typography-line-height);--awb-caption-title-letter-spacing:var(--h2_typography-letter-spacing);\"><div class=\"awb-image-frame awb-image-frame-1 imageframe-liftup\"><span class=\" fusion-imageframe imageframe-dropshadow imageframe-1\" style=\"-webkit-box-shadow: 4px 4px 8px var(--awb-color8);box-shadow: 4px 4px 8px var(--awb-color8);\"><img decoding=\"async\" width=\"978\" height=\"554\" title=\"Screenshot-8\" src=\"https:\/\/salvadorescalante.gob.mx\/wp-content\/uploads\/2025\/04\/Screenshot-8.png\" data-orig-src=\"http:\/\/salvadorescalante.gob.mx\/wp-content\/uploads\/2025\/04\/Screenshot-8.png\" alt class=\"lazyload img-responsive wp-image-1362\" srcset=\"data:image\/svg+xml,%3Csvg%20xmlns%3D%27http%3A%2F%2Fwww.w3.org%2F2000%2Fsvg%27%20width%3D%27978%27%20height%3D%27554%27%20viewBox%3D%270%200%20978%20554%27%3E%3Crect%20width%3D%27978%27%20height%3D%27554%27%20fill-opacity%3D%220%22%2F%3E%3C%2Fsvg%3E\" data-srcset=\"https:\/\/salvadorescalante.gob.mx\/wp-content\/uploads\/2025\/04\/Screenshot-8-200x113.png 200w, https:\/\/salvadorescalante.gob.mx\/wp-content\/uploads\/2025\/04\/Screenshot-8-400x227.png 400w, https:\/\/salvadorescalante.gob.mx\/wp-content\/uploads\/2025\/04\/Screenshot-8-600x340.png 600w, https:\/\/salvadorescalante.gob.mx\/wp-content\/uploads\/2025\/04\/Screenshot-8-800x453.png 800w, https:\/\/salvadorescalante.gob.mx\/wp-content\/uploads\/2025\/04\/Screenshot-8.png 978w\" data-sizes=\"auto\" data-orig-sizes=\"(max-width: 1024px) 100vw, (max-width: 640px) 100vw, 600px\" \/><\/span><\/div><\/div><div class=\"fusion-separator fusion-full-width-sep\" style=\"align-self: center;margin-left: auto;margin-right: auto;margin-bottom:50px;width:100%;\"><\/div><div class=\"fusion-text fusion-text-6 fusion-animated\" style=\"--awb-content-alignment:center;\" data-animationType=\"fadeInUp\" data-animationDuration=\"1.0\" data-animationDelay=\"0.4\" data-animationOffset=\"top-into-view\"><p>REALIZA. TU PAGO DE PREDIAL<\/p>\n<\/div><a class=\"fb-icon-element-1 fb-icon-element fontawesome-icon fa-whatsapp fab circle-yes fusion-link\" style=\"--awb-iconcolor:var(--awb-color2);--awb-circlecolor:var(--awb-color4);--awb-circlebordercolor:var(--awb-color4);--awb-circlebordersize:1px;--awb-font-size:28.16px;--awb-width:56.32px;--awb-height:56.32px;--awb-line-height:54.32px;--awb-margin-top:0;--awb-margin-right:0;--awb-margin-bottom:0;--awb-margin-left:0;--awb-align-self:center;\" href=\"https:\/\/wa.me\/524341328396?text=Hola,%20me%20gustar\u00eda%20realizar%20el%20pago%20del%20predial.%20\u00bfPodr\u00edas%20brindarme%20m\u00e1s%20informaci\u00f3n?\" target=\"_blank\" aria-label=\"Link to https:\/\/wa.me\/524341328396?text=Hola,%20me%20gustar\u00eda%20realizar%20el%20pago%20del%20predial.%20\u00bfPodr\u00edas%20brindarme%20m\u00e1s%20informaci\u00f3n?\" rel=\"noopener noreferrer\"><\/a><div class=\"fusion-separator fusion-full-width-sep\" style=\"align-self: center;margin-left: auto;margin-right: auto;margin-top:10px;width:100%;\"><\/div><div class=\"fusion-image-element \" style=\"text-align:center;--awb-liftup-border-radius:0px;--awb-caption-title-font-family:var(--h2_typography-font-family);--awb-caption-title-font-weight:var(--h2_typography-font-weight);--awb-caption-title-font-style:var(--h2_typography-font-style);--awb-caption-title-size:var(--h2_typography-font-size);--awb-caption-title-transform:var(--h2_typography-text-transform);--awb-caption-title-line-height:var(--h2_typography-line-height);--awb-caption-title-letter-spacing:var(--h2_typography-letter-spacing);\"><div class=\"awb-image-frame awb-image-frame-2 imageframe-liftup fusion-animated\" data-animationType=\"fadeInUp\" data-animationDuration=\"1.6\" data-animationDelay=\"0.6\" data-animationOffset=\"top-into-view\"><span class=\" fusion-imageframe imageframe-none imageframe-2\"><a class=\"fusion-no-lightbox\" href=\"https:\/\/wa.me\/524341328396?text=Hola,%20me%20gustar\u00eda%20realizar%20el%20pago%20del%20predial.%20\u00bfPodr\u00edas%20brindarme%20m\u00e1s%20informaci\u00f3n?\" target=\"_blank\" aria-label=\"Captura de pantalla 2025-04-04 a la(s) 1.43.26\u202fp.m.\" rel=\"noopener noreferrer\"><img decoding=\"async\" width=\"205\" height=\"25\" src=\"https:\/\/salvadorescalante.gob.mx\/wp-content\/uploads\/2025\/04\/Captura-de-pantalla-2025-04-04-a-las-1.43.26\u202fp.m.png\" data-orig-src=\"http:\/\/salvadorescalante.gob.mx\/wp-content\/uploads\/2025\/04\/Captura-de-pantalla-2025-04-04-a-las-1.43.26\u202fp.m.png\" alt class=\"lazyload img-responsive wp-image-1372\" srcset=\"data:image\/svg+xml,%3Csvg%20xmlns%3D%27http%3A%2F%2Fwww.w3.org%2F2000%2Fsvg%27%20width%3D%27205%27%20height%3D%2725%27%20viewBox%3D%270%200%20205%2025%27%3E%3Crect%20width%3D%27205%27%20height%3D%2725%27%20fill-opacity%3D%220%22%2F%3E%3C%2Fsvg%3E\" data-srcset=\"https:\/\/salvadorescalante.gob.mx\/wp-content\/uploads\/2025\/04\/Captura-de-pantalla-2025-04-04-a-las-1.43.26\u202fp.m-200x24.png 200w, https:\/\/salvadorescalante.gob.mx\/wp-content\/uploads\/2025\/04\/Captura-de-pantalla-2025-04-04-a-las-1.43.26\u202fp.m.png 205w\" data-sizes=\"auto\" data-orig-sizes=\"(max-width: 1024px) 100vw, (max-width: 640px) 100vw, 205px\" \/><\/a><\/span><\/div><\/div><\/div><\/div><div class=\"fusion-layout-column fusion_builder_column fusion-builder-column-3 fusion_builder_column_1_1 1_1 fusion-flex-column\" style=\"--awb-bg-size:cover;--awb-width-large:100%;--awb-margin-top-large:0px;--awb-spacing-right-large:1.92%;--awb-margin-bottom-large:0px;--awb-spacing-left-large:1.92%;--awb-width-medium:100%;--awb-order-medium:0;--awb-spacing-right-medium:1.92%;--awb-spacing-left-medium:1.92%;--awb-width-small:100%;--awb-order-small:0;--awb-spacing-right-small:1.92%;--awb-spacing-left-small:1.92%;\"><div class=\"fusion-column-wrapper fusion-column-has-shadow fusion-flex-justify-content-flex-start fusion-content-layout-column\"><div class=\"fusion-image-element \" style=\"text-align:center;--awb-caption-title-font-family:var(--h2_typography-font-family);--awb-caption-title-font-weight:var(--h2_typography-font-weight);--awb-caption-title-font-style:var(--h2_typography-font-style);--awb-caption-title-size:var(--h2_typography-font-size);--awb-caption-title-transform:var(--h2_typography-text-transform);--awb-caption-title-line-height:var(--h2_typography-line-height);--awb-caption-title-letter-spacing:var(--h2_typography-letter-spacing);\"><span class=\" fusion-imageframe imageframe-none imageframe-3 hover-type-none fusion-animated\" data-animationType=\"fadeInUp\" data-animationDuration=\"1.4\" data-animationDelay=\"0.4\" data-animationOffset=\"top-into-view\"><img decoding=\"async\" width=\"300\" height=\"221\" title=\"LOGO SAL ESC 01 HR\" src=\"https:\/\/salvadorescalante.gob.mx\/wp-content\/uploads\/2025\/03\/LOGO-SAL-ESC-01-HR.png\" data-orig-src=\"http:\/\/salvadorescalante.gob.mx\/wp-content\/uploads\/2025\/03\/LOGO-SAL-ESC-01-HR-300x221.png\" alt class=\"lazyload img-responsive wp-image-1336\" srcset=\"data:image\/svg+xml,%3Csvg%20xmlns%3D%27http%3A%2F%2Fwww.w3.org%2F2000%2Fsvg%27%20width%3D%273050%27%20height%3D%272250%27%20viewBox%3D%270%200%203050%202250%27%3E%3Crect%20width%3D%273050%27%20height%3D%272250%27%20fill-opacity%3D%220%22%2F%3E%3C%2Fsvg%3E\" data-srcset=\"https:\/\/salvadorescalante.gob.mx\/wp-content\/uploads\/2025\/03\/LOGO-SAL-ESC-01-HR-200x148.png 200w, https:\/\/salvadorescalante.gob.mx\/wp-content\/uploads\/2025\/03\/LOGO-SAL-ESC-01-HR-400x295.png 400w, https:\/\/salvadorescalante.gob.mx\/wp-content\/uploads\/2025\/03\/LOGO-SAL-ESC-01-HR-600x443.png 600w, https:\/\/salvadorescalante.gob.mx\/wp-content\/uploads\/2025\/03\/LOGO-SAL-ESC-01-HR-800x590.png 800w, https:\/\/salvadorescalante.gob.mx\/wp-content\/uploads\/2025\/03\/LOGO-SAL-ESC-01-HR-1200x885.png 1200w, https:\/\/salvadorescalante.gob.mx\/wp-content\/uploads\/2025\/03\/LOGO-SAL-ESC-01-HR.png 3050w\" data-sizes=\"auto\" data-orig-sizes=\"(max-width: 1024px) 100vw, (max-width: 640px) 100vw, 1200px\" \/><\/span><\/div><\/div><\/div><\/div><\/div>\n","protected":false},"excerpt":{"rendered":"","protected":false},"author":1,"featured_media":0,"parent":0,"menu_order":0,"comment_status":"closed","ping_status":"closed","template":"","meta":{"footnotes":""},"class_list":["post-1358","page","type-page","status-publish","hentry"],"_links":{"self":[{"href":"https:\/\/salvadorescalante.gob.mx\/index.php\/wp-json\/wp\/v2\/pages\/1358","targetHints":{"allow":["GET"]}}],"collection":[{"href":"https:\/\/salvadorescalante.gob.mx\/index.php\/wp-json\/wp\/v2\/pages"}],"about":[{"href":"https:\/\/salvadorescalante.gob.mx\/index.php\/wp-json\/wp\/v2\/types\/page"}],"author":[{"embeddable":true,"href":"https:\/\/salvadorescalante.gob.mx\/index.php\/wp-json\/wp\/v2\/users\/1"}],"replies":[{"embeddable":true,"href":"https:\/\/salvadorescalante.gob.mx\/index.php\/wp-json\/wp\/v2\/comments?post=1358"}],"version-history":[{"count":17,"href":"https:\/\/salvadorescalante.gob.mx\/index.php\/wp-json\/wp\/v2\/pages\/1358\/revisions"}],"predecessor-version":[{"id":1378,"href":"https:\/\/salvadorescalante.gob.mx\/index.php\/wp-json\/wp\/v2\/pages\/1358\/revisions\/1378"}],"wp:attachment":[{"href":"https:\/\/salvadorescalante.gob.mx\/index.php\/wp-json\/wp\/v2\/media?parent=1358"}],"curies":[{"name":"wp","href":"https:\/\/api.w.org\/{rel}","templated":true}]}}